{"id":967,"date":"2021-02-25T14:18:49","date_gmt":"2021-02-25T13:18:49","guid":{"rendered":"https:\/\/plotteralia.es\/blog\/?page_id=967"},"modified":"2021-04-16T07:37:36","modified_gmt":"2021-04-16T05:37:36","slug":"blog-plotteralia","status":"publish","type":"page","link":"https:\/\/plotteralia.es\/blog\/","title":{"rendered":"Blog potteralia"},"content":{"rendered":"\t\t<div data-elementor-type=\"wp-page\" data-elementor-id=\"967\" class=\"elementor elementor-967\">\n\t\t\t\t\t\t\t\t\t<section class=\"elementor-section elementor-top-section elementor-element elementor-element-76c39ac elementor-section-boxed elementor-section-height-default elementor-section-height-default\" data-id=\"76c39ac\" data-element_type=\"section\" data-settings=\"{&quot;background_background&quot;:&quot;classic&quot;}\">\n\t\t\t\t\t\t<div class=\"elementor-container elementor-column-gap-default\">\n\t\t\t\t\t<div class=\"elementor-column elementor-col-50 elementor-top-column elementor-element elementor-element-c441989\" data-id=\"c441989\" data-element_type=\"column\">\n\t\t\t<div class=\"elementor-widget-wrap elementor-element-populated\">\n\t\t\t\t\t\t\t\t<div class=\"elementor-element elementor-element-881e886 elementor-widget elementor-widget-heading\" data-id=\"881e886\" data-element_type=\"widget\" data-widget_type=\"heading.default\">\n\t\t\t\t<div class=\"elementor-widget-container\">\n\t\t\t<h1 class=\"elementor-heading-title elementor-size-default\">Blog de Plotteralia<\/h1>\t\t<\/div>\n\t\t\t\t<\/div>\n\t\t\t\t<div class=\"elementor-element elementor-element-1a25ac6 elementor-grid-2 elementor-posts__hover-none elementor-grid-tablet-2 elementor-grid-mobile-1 elementor-posts--thumbnail-top elementor-widget elementor-widget-posts\" data-id=\"1a25ac6\" data-element_type=\"widget\" data-settings=\"{&quot;cards_columns&quot;:&quot;2&quot;,&quot;cards_row_gap&quot;:{&quot;unit&quot;:&quot;px&quot;,&quot;size&quot;:22,&quot;sizes&quot;:[]},&quot;cards_masonry&quot;:&quot;yes&quot;,&quot;cards_columns_tablet&quot;:&quot;2&quot;,&quot;cards_columns_mobile&quot;:&quot;1&quot;}\" data-widget_type=\"posts.cards\">\n\t\t\t\t<div class=\"elementor-widget-container\">\n\t\t\t\t\t<div class=\"elementor-posts-container elementor-posts elementor-posts--skin-cards elementor-grid\">\n\t\t\t\t<article class=\"elementor-post elementor-grid-item post-2060 post type-post status-publish format-standard has-post-thumbnail hentry category-consejos category-informacion tag-atomstack tag-comparativa-2026 tag-comparativa-laser tag-flux tag-laser-de-corte tag-toocaa tag-xtool\">\n\t\t\t<div class=\"elementor-post__card\">\n\t\t\t\t<a class=\"elementor-post__thumbnail__link\" href=\"https:\/\/plotteralia.es\/blog\/guia-comparativa-laser-elegir\/\" >\n\t\t\t<div class=\"elementor-post__thumbnail\"><img width=\"640\" height=\"253\" src=\"https:\/\/plotteralia.es\/blog\/wp-content\/uploads\/2026\/03\/Comparativa-laser-Plotteralia-768x303.png\" class=\"attachment-medium_large size-medium_large\" alt=\"Comparativa l\u00e1ser 2026\" loading=\"lazy\" srcset=\"https:\/\/plotteralia.es\/blog\/wp-content\/uploads\/2026\/03\/Comparativa-laser-Plotteralia-768x303.png 768w, https:\/\/plotteralia.es\/blog\/wp-content\/uploads\/2026\/03\/Comparativa-laser-Plotteralia-300x119.png 300w, https:\/\/plotteralia.es\/blog\/wp-content\/uploads\/2026\/03\/Comparativa-laser-Plotteralia-1024x405.png 1024w, https:\/\/plotteralia.es\/blog\/wp-content\/uploads\/2026\/03\/Comparativa-laser-Plotteralia-1536x607.png 1536w, https:\/\/plotteralia.es\/blog\/wp-content\/uploads\/2026\/03\/Comparativa-laser-Plotteralia.png 2048w\" sizes=\"(max-width: 640px) 100vw, 640px\" \/><\/div>\n\t\t<\/a>\n\t\t\t\t<div class=\"elementor-post__text\">\n\t\t\t\t<h2 class=\"elementor-post__title\">\n\t\t\t<a href=\"https:\/\/plotteralia.es\/blog\/guia-comparativa-laser-elegir\/\" >\n\t\t\t\tGu\u00eda Comparativa 2026: \u00bfQu\u00e9 l\u00e1ser de corte elegir?\t\t\t<\/a>\n\t\t<\/h2>\n\t\t\t\t<div class=\"elementor-post__excerpt\">\n\t\t\t<p>Gu\u00eda Comparativa 2026: \u00bfQu\u00e9 l\u00e1ser de corte elegir?<\/p>\n\t\t<\/div>\n\t\t\t\t\t<a class=\"elementor-post__read-more\" href=\"https:\/\/plotteralia.es\/blog\/guia-comparativa-laser-elegir\/\" >\n\t\t\t\tSeguir leyendo\t\t\t<\/a>\n\t\t\t\t<\/div>\n\t\t\t\t\t<\/div>\n\t\t<\/article>\n\t\t\t\t<article class=\"elementor-post elementor-grid-item post-2040 post type-post status-publish format-standard has-post-thumbnail hentry category-informacion category-novedades tag-laser-de-corte tag-laser-de-diodo tag-pack-low-cost-plotteralia tag-personalizacion tag-toocaa tag-toocaa-nova\">\n\t\t\t<div class=\"elementor-post__card\">\n\t\t\t\t<a class=\"elementor-post__thumbnail__link\" href=\"https:\/\/plotteralia.es\/blog\/laser-ideal-taller-creativo-toocaa-nova\/\" >\n\t\t\t<div class=\"elementor-post__thumbnail\"><img width=\"640\" height=\"640\" src=\"https:\/\/plotteralia.es\/blog\/wp-content\/uploads\/2026\/03\/\u5f00\u76d6\u60ac\u505c.jpg\" class=\"attachment-medium_large size-medium_large\" alt=\"Toocaa Nova\" loading=\"lazy\" \/><\/div>\n\t\t<\/a>\n\t\t\t\t<div class=\"elementor-post__text\">\n\t\t\t\t<h2 class=\"elementor-post__title\">\n\t\t\t<a href=\"https:\/\/plotteralia.es\/blog\/laser-ideal-taller-creativo-toocaa-nova\/\" >\n\t\t\t\tEl l\u00e1ser ideal para tu taller creativo: Toocaa Nova\t\t\t<\/a>\n\t\t<\/h2>\n\t\t\t\t<div class=\"elementor-post__excerpt\">\n\t\t\t<p>Si est\u00e1s metido en el mundo del scrapbooking, la personalizaci\u00f3n o el dise\u00f1o de productos, seguro que el nombre Toocaa Nova ha empezado a sonar en tu radar. Y no es para menos.<\/p>\n\t\t<\/div>\n\t\t\t\t\t<a class=\"elementor-post__read-more\" href=\"https:\/\/plotteralia.es\/blog\/laser-ideal-taller-creativo-toocaa-nova\/\" >\n\t\t\t\tSeguir leyendo\t\t\t<\/a>\n\t\t\t\t<\/div>\n\t\t\t\t\t<\/div>\n\t\t<\/article>\n\t\t\t\t<article class=\"elementor-post elementor-grid-item post-2023 post type-post status-publish format-standard has-post-thumbnail hentry category-consejos category-informacion tag-aula-2-0 tag-aulas-ateca tag-centros-educativos tag-codigo-escuela-4-0 tag-colegios tag-proyectos-innovacion tag-robotica\">\n\t\t\t<div class=\"elementor-post__card\">\n\t\t\t\t<a class=\"elementor-post__thumbnail__link\" href=\"https:\/\/plotteralia.es\/blog\/robotica-educativa-plotteralia-pink-school\/\" >\n\t\t\t<div class=\"elementor-post__thumbnail\"><img width=\"640\" height=\"427\" src=\"https:\/\/plotteralia.es\/blog\/wp-content\/uploads\/2026\/02\/young-students-of-robotics-preparing-robot-for-tes-2026-01-08-22-46-27-utc.jpg\" class=\"attachment-medium_large size-medium_large\" alt=\"\" loading=\"lazy\" \/><\/div>\n\t\t<\/a>\n\t\t\t\t<div class=\"elementor-post__text\">\n\t\t\t\t<h2 class=\"elementor-post__title\">\n\t\t\t<a href=\"https:\/\/plotteralia.es\/blog\/robotica-educativa-plotteralia-pink-school\/\" >\n\t\t\t\tRob\u00f3tica educativa con Plotteralia descubre las ventajas del Pink School\t\t\t<\/a>\n\t\t<\/h2>\n\t\t\t\t<div class=\"elementor-post__excerpt\">\n\t\t\t<p>En Plotteralia sabemos que potenciar la formaci\u00f3n, la educaci\u00f3n y la creatividad es esencial para el desarrollo tanto de ni\u00f1os como de adultos. Invertir en maquinaria para mejorar las aulas y los centros<\/p>\n\t\t<\/div>\n\t\t\t\t\t<a class=\"elementor-post__read-more\" href=\"https:\/\/plotteralia.es\/blog\/robotica-educativa-plotteralia-pink-school\/\" >\n\t\t\t\tSeguir leyendo\t\t\t<\/a>\n\t\t\t\t<\/div>\n\t\t\t\t\t<\/div>\n\t\t<\/article>\n\t\t\t\t<article class=\"elementor-post elementor-grid-item post-1961 post type-post status-publish format-standard has-post-thumbnail hentry category-consejos category-informacion tag-dtf tag-dtv tag-personalizacion tag-vinilo-textil-imprimible tag-vintex\">\n\t\t\t<div class=\"elementor-post__card\">\n\t\t\t\t<a class=\"elementor-post__thumbnail__link\" href=\"https:\/\/plotteralia.es\/blog\/alternativa-economica-dtf-dtv-vintex\/\" >\n\t\t\t<div class=\"elementor-post__thumbnail\"><img width=\"640\" height=\"421\" src=\"https:\/\/plotteralia.es\/blog\/wp-content\/uploads\/2026\/02\/127-t-shirt-mockup-01-768x505.png\" class=\"attachment-medium_large size-medium_large\" alt=\"\" loading=\"lazy\" srcset=\"https:\/\/plotteralia.es\/blog\/wp-content\/uploads\/2026\/02\/127-t-shirt-mockup-01-768x505.png 768w, https:\/\/plotteralia.es\/blog\/wp-content\/uploads\/2026\/02\/127-t-shirt-mockup-01-300x197.png 300w, https:\/\/plotteralia.es\/blog\/wp-content\/uploads\/2026\/02\/127-t-shirt-mockup-01-1024x673.png 1024w, https:\/\/plotteralia.es\/blog\/wp-content\/uploads\/2026\/02\/127-t-shirt-mockup-01-1536x1009.png 1536w, https:\/\/plotteralia.es\/blog\/wp-content\/uploads\/2026\/02\/127-t-shirt-mockup-01-2048x1346.png 2048w\" sizes=\"(max-width: 640px) 100vw, 640px\" \/><\/div>\n\t\t<\/a>\n\t\t\t\t<div class=\"elementor-post__text\">\n\t\t\t\t<h2 class=\"elementor-post__title\">\n\t\t\t<a href=\"https:\/\/plotteralia.es\/blog\/alternativa-economica-dtf-dtv-vintex\/\" >\n\t\t\t\tAlternativa econ\u00f3mica al DTF descubre el DTV de Vintex\t\t\t<\/a>\n\t\t<\/h2>\n\t\t\t\t<div class=\"elementor-post__excerpt\">\n\t\t\t<p>\u00bfQuieres crear proyectos de personalizaci\u00f3n textil a todo color, sobre cualquier tejido y en casa? Descubre el DTV Vintex alternativa econ\u00f3mica al DTF. Un material barato, compatible con impresoras dom\u00e9sticas y f\u00e1cil de<\/p>\n\t\t<\/div>\n\t\t\t\t\t<a class=\"elementor-post__read-more\" href=\"https:\/\/plotteralia.es\/blog\/alternativa-economica-dtf-dtv-vintex\/\" >\n\t\t\t\tSeguir leyendo\t\t\t<\/a>\n\t\t\t\t<\/div>\n\t\t\t\t\t<\/div>\n\t\t<\/article>\n\t\t\t\t<article class=\"elementor-post elementor-grid-item post-1942 post type-post status-publish format-standard has-post-thumbnail hentry category-consejos category-informacion tag-comparativa tag-cricut tag-cricut-maker-4 tag-plotter-de-corte tag-silhouette-2 tag-silhouette-cameo-5-alpha\">\n\t\t\t<div class=\"elementor-post__card\">\n\t\t\t\t<a class=\"elementor-post__thumbnail__link\" href=\"https:\/\/plotteralia.es\/blog\/comparativa-cricut-vs-silhouette\/\" >\n\t\t\t<div class=\"elementor-post__thumbnail\"><img width=\"640\" height=\"537\" src=\"https:\/\/plotteralia.es\/blog\/wp-content\/uploads\/2026\/02\/2-768x644.png\" class=\"attachment-medium_large size-medium_large\" alt=\"Comparativa Cricut vs Sillhouette\" loading=\"lazy\" srcset=\"https:\/\/plotteralia.es\/blog\/wp-content\/uploads\/2026\/02\/2-768x644.png 768w, https:\/\/plotteralia.es\/blog\/wp-content\/uploads\/2026\/02\/2-300x251.png 300w, https:\/\/plotteralia.es\/blog\/wp-content\/uploads\/2026\/02\/2.png 940w\" sizes=\"(max-width: 640px) 100vw, 640px\" \/><\/div>\n\t\t<\/a>\n\t\t\t\t<div class=\"elementor-post__text\">\n\t\t\t\t<h2 class=\"elementor-post__title\">\n\t\t\t<a href=\"https:\/\/plotteralia.es\/blog\/comparativa-cricut-vs-silhouette\/\" >\n\t\t\t\tComparativa Cricut vs Silhouette\t\t\t<\/a>\n\t\t<\/h2>\n\t\t\t\t<div class=\"elementor-post__excerpt\">\n\t\t\t<p>Cuando vamos a comenzar en el mundo de la personalizaci\u00f3n, las manualidades y el arte, encontramos muchas marcas diferentes de plotters de corte con las que trabajar. En Plotteralia sabemos que puede ser<\/p>\n\t\t<\/div>\n\t\t\t\t\t<a class=\"elementor-post__read-more\" href=\"https:\/\/plotteralia.es\/blog\/comparativa-cricut-vs-silhouette\/\" >\n\t\t\t\tSeguir leyendo\t\t\t<\/a>\n\t\t\t\t<\/div>\n\t\t\t\t\t<\/div>\n\t\t<\/article>\n\t\t\t\t<article class=\"elementor-post elementor-grid-item post-1923 post type-post status-publish format-standard has-post-thumbnail hentry category-consejos category-informacion tag-ador-flux tag-flux tag-laser-de-corte tag-laser-diodo\">\n\t\t\t<div class=\"elementor-post__card\">\n\t\t\t\t<a class=\"elementor-post__thumbnail__link\" href=\"https:\/\/plotteralia.es\/blog\/laser-para-todo-ador-flux\/\" >\n\t\t\t<div class=\"elementor-post__thumbnail\"><img width=\"640\" height=\"427\" src=\"https:\/\/plotteralia.es\/blog\/wp-content\/uploads\/2025\/11\/Lid-Safe.jpg\" class=\"attachment-medium_large size-medium_large\" alt=\"Ador Flux\" loading=\"lazy\" \/><\/div>\n\t\t<\/a>\n\t\t\t\t<div class=\"elementor-post__text\">\n\t\t\t\t<h2 class=\"elementor-post__title\">\n\t\t\t<a href=\"https:\/\/plotteralia.es\/blog\/laser-para-todo-ador-flux\/\" >\n\t\t\t\tPor fin el l\u00e1ser para todo: Descubre Ador de Flux\t\t\t<\/a>\n\t\t<\/h2>\n\t\t\t\t<div class=\"elementor-post__excerpt\">\n\t\t\t<p>Hace un tiempo nos pregunt\u00e1bamos \u00bfExiste un l\u00e1ser para todo? En este art\u00edculo vamos a comprobar si por fin hemos encontrado un solo l\u00e1ser capaz de realizar todos tus proyectos de personalizaci\u00f3n y<\/p>\n\t\t<\/div>\n\t\t\t\t\t<a class=\"elementor-post__read-more\" href=\"https:\/\/plotteralia.es\/blog\/laser-para-todo-ador-flux\/\" >\n\t\t\t\tSeguir leyendo\t\t\t<\/a>\n\t\t\t\t<\/div>\n\t\t\t\t\t<\/div>\n\t\t<\/article>\n\t\t\t\t<\/div>\n\t\t\t\t<nav class=\"elementor-pagination\" role=\"navigation\" aria-label=\"Paginaci\u00f3n\">\n\t\t\t<span class=\"page-numbers prev\">Anterior<\/span>\n<a class=\"page-numbers next\" href=\"https:\/\/plotteralia.es\/blog\/wp-json\/wp\/v2\/pages\/967\/page\/2\/\">Siguiente<\/a>\t\t<\/nav>\n\t\t\t\t<\/div>\n\t\t\t\t<\/div>\n\t\t\t\t\t<\/div>\n\t\t<\/div>\n\t\t\t\t<div class=\"elementor-column elementor-col-50 elementor-top-column elementor-element elementor-element-6aaf83b\" data-id=\"6aaf83b\" data-element_type=\"column\">\n\t\t\t<div class=\"elementor-widget-wrap elementor-element-populated\">\n\t\t\t\t\t\t\t\t<div class=\"elementor-element elementor-element-25b41b3 elementor-search-form--skin-classic elementor-search-form--button-type-icon elementor-search-form--icon-search elementor-widget elementor-widget-search-form\" data-id=\"25b41b3\" data-element_type=\"widget\" data-settings=\"{&quot;skin&quot;:&quot;classic&quot;}\" data-widget_type=\"search-form.default\">\n\t\t\t\t<div class=\"elementor-widget-container\">\n\t\t\t\t\t<form class=\"elementor-search-form\" role=\"search\" action=\"https:\/\/plotteralia.es\/blog\" method=\"get\">\n\t\t\t\t\t\t\t\t\t<div class=\"elementor-search-form__container\">\n\t\t\t\t\t\t\t\t<input placeholder=\"Buscar...\" class=\"elementor-search-form__input\" type=\"search\" name=\"s\" title=\"Buscar\" value=\"\">\n\t\t\t\t\t\t\t\t\t\t\t\t\t<button class=\"elementor-search-form__submit\" type=\"submit\" title=\"Buscar\" aria-label=\"Buscar\">\n\t\t\t\t\t\t\t\t\t\t\t\t\t<i class=\"fa fa-search\" aria-hidden=\"true\"><\/i>\n\t\t\t\t\t\t\t<span class=\"elementor-screen-only\">Buscar<\/span>\n\t\t\t\t\t\t\t\t\t\t\t<\/button>\n\t\t\t\t\t\t\t\t\t\t\t<\/div>\n\t\t<\/form>\n\t\t\t\t<\/div>\n\t\t\t\t<\/div>\n\t\t\t\t<div class=\"elementor-element elementor-element-468e3c2 elementor-widget elementor-widget-sitemap\" data-id=\"468e3c2\" data-element_type=\"widget\" data-widget_type=\"sitemap.default\">\n\t\t\t\t<div class=\"elementor-widget-container\">\n\t\t\t<div class=\"elementor-sitemap-wrap\"><div class=\"elementor-sitemap-section\"><h3 class=\"elementor-sitemap-title elementor-sitemap-category-title\">Categorias<\/h3><ul class=\"elementor-sitemap-list elementor-sitemap-category-list\">\t<li class=\"elementor-sitemap-item elementor-sitemap-item-category cat-item cat-item-36\"><a href=\"https:\/\/plotteralia.es\/blog\/novedades\/\">Novedades<\/a>\n<\/li>\n\t<li class=\"elementor-sitemap-item elementor-sitemap-item-category cat-item cat-item-110\"><a href=\"https:\/\/plotteralia.es\/blog\/informacion\/\">Informaci\u00f3n<\/a>\n<\/li>\n\t<li class=\"elementor-sitemap-item elementor-sitemap-item-category cat-item cat-item-22\"><a href=\"https:\/\/plotteralia.es\/blog\/consejos\/\">Consejos<\/a>\n<\/li>\n<\/ul><\/div><\/div>\t\t<\/div>\n\t\t\t\t<\/div>\n\t\t\t\t\t<\/div>\n\t\t<\/div>\n\t\t\t\t\t\t\t<\/div>\n\t\t<\/section>\n\t\t\t\t\t\t\t<\/div>\n\t\t","protected":false},"excerpt":{"rendered":"<p>Blog de Plotteralia<\/p>\n","protected":false},"author":2,"featured_media":0,"parent":0,"menu_order":0,"comment_status":"closed","ping_status":"closed","template":"elementor_header_footer","meta":[],"yoast_head":"<!-- This site is optimized with the Yoast SEO plugin v19.1 - https:\/\/yoast.com\/wordpress\/plugins\/seo\/ -->\n<title>Bienvenido al espacio creativo sin l\u00edmites de Plotteralia<\/title>\n<meta name=\"description\" content=\"Plotteralia te mantendr\u00e1 informado de las \u00faltimas novedades en herramientas de corte, los materiales m\u00e1s novedosos y las t\u00e9cnicas con mayor creatividad del DIY y el handmade.\" \/>\n<meta name=\"robots\" content=\"index, follow, max-snippet:-1, max-image-preview:large, max-video-preview:-1\" \/>\n<link rel=\"canonical\" href=\"https:\/\/plotteralia.es\/blog\/\" \/>\n<meta property=\"og:locale\" content=\"es_ES\" \/>\n<meta property=\"og:type\" content=\"article\" \/>\n<meta property=\"og:title\" content=\"Bienvenido al espacio creativo sin l\u00edmites de Plotteralia\" \/>\n<meta property=\"og:description\" content=\"Plotteralia te mantendr\u00e1 informado de las \u00faltimas novedades en herramientas de corte, los materiales m\u00e1s novedosos y las t\u00e9cnicas con mayor creatividad del DIY y el handmade.\" \/>\n<meta property=\"og:url\" content=\"https:\/\/plotteralia.es\/blog\/\" \/>\n<meta property=\"og:site_name\" content=\"Plotteralia Blog\" \/>\n<meta property=\"article:publisher\" content=\"https:\/\/www.facebook.com\/plotteralia\/\" \/>\n<meta property=\"article:modified_time\" content=\"2021-04-16T05:37:36+00:00\" \/>\n<meta name=\"twitter:card\" content=\"summary_large_image\" \/>\n<script type=\"application\/ld+json\" class=\"yoast-schema-graph\">{\"@context\":\"https:\/\/schema.org\",\"@graph\":[{\"@type\":\"Organization\",\"@id\":\"https:\/\/plotteralia.es\/blog\/#organization\",\"name\":\"Plotteralia\",\"url\":\"https:\/\/plotteralia.es\/blog\/\",\"sameAs\":[\"https:\/\/www.instagram.com\/plotteralia\/\",\"http:\/\/www.youtube.com\/c\/PlotteraliaTiendaOnline\",\"https:\/\/www.facebook.com\/plotteralia\/\"],\"logo\":{\"@type\":\"ImageObject\",\"inLanguage\":\"es\",\"@id\":\"https:\/\/plotteralia.es\/blog\/#\/schema\/logo\/image\/\",\"url\":\"https:\/\/plotteralia.es\/blog\/wp-content\/uploads\/2020\/02\/Logo-chat.jpg\",\"contentUrl\":\"https:\/\/plotteralia.es\/blog\/wp-content\/uploads\/2020\/02\/Logo-chat.jpg\",\"width\":50,\"height\":50,\"caption\":\"Plotteralia\"},\"image\":{\"@id\":\"https:\/\/plotteralia.es\/blog\/#\/schema\/logo\/image\/\"}},{\"@type\":\"WebSite\",\"@id\":\"https:\/\/plotteralia.es\/blog\/#website\",\"url\":\"https:\/\/plotteralia.es\/blog\/\",\"name\":\"Plotteralia Blog\",\"description\":\"Especialistas en Silhouette, Xtool, Cricut y Loklik. Encuentra comparativas de plotters, gu\u00edas de materiales y las mejores t\u00e9cnicas de personalizaci\u00f3n.\",\"publisher\":{\"@id\":\"https:\/\/plotteralia.es\/blog\/#organization\"},\"potentialAction\":[{\"@type\":\"SearchAction\",\"target\":{\"@type\":\"EntryPoint\",\"urlTemplate\":\"https:\/\/plotteralia.es\/blog\/?s={search_term_string}\"},\"query-input\":\"required name=search_term_string\"}],\"inLanguage\":\"es\"},{\"@type\":\"WebPage\",\"@id\":\"https:\/\/plotteralia.es\/blog\/#webpage\",\"url\":\"https:\/\/plotteralia.es\/blog\/\",\"name\":\"Bienvenido al espacio creativo sin l\u00edmites de Plotteralia\",\"isPartOf\":{\"@id\":\"https:\/\/plotteralia.es\/blog\/#website\"},\"datePublished\":\"2021-02-25T13:18:49+00:00\",\"dateModified\":\"2021-04-16T05:37:36+00:00\",\"description\":\"Plotteralia te mantendr\u00e1 informado de las \u00faltimas novedades en herramientas de corte, los materiales m\u00e1s novedosos y las t\u00e9cnicas con mayor creatividad del DIY y el handmade.\",\"breadcrumb\":{\"@id\":\"https:\/\/plotteralia.es\/blog\/#breadcrumb\"},\"inLanguage\":\"es\",\"potentialAction\":[{\"@type\":\"ReadAction\",\"target\":[\"https:\/\/plotteralia.es\/blog\/\"]}]},{\"@type\":\"BreadcrumbList\",\"@id\":\"https:\/\/plotteralia.es\/blog\/#breadcrumb\",\"itemListElement\":[{\"@type\":\"ListItem\",\"position\":1,\"name\":\"Portada\",\"item\":\"https:\/\/plotteralia.es\/blog\/\"},{\"@type\":\"ListItem\",\"position\":2,\"name\":\"Blog potteralia\"}]}]}<\/script>\n<!-- \/ Yoast SEO plugin. -->","yoast_head_json":{"title":"Bienvenido al espacio creativo sin l\u00edmites de Plotteralia","description":"Plotteralia te mantendr\u00e1 informado de las \u00faltimas novedades en herramientas de corte, los materiales m\u00e1s novedosos y las t\u00e9cnicas con mayor creatividad del DIY y el handmade.","robots":{"index":"index","follow":"follow","max-snippet":"max-snippet:-1","max-image-preview":"max-image-preview:large","max-video-preview":"max-video-preview:-1"},"canonical":"https:\/\/plotteralia.es\/blog\/","og_locale":"es_ES","og_type":"article","og_title":"Bienvenido al espacio creativo sin l\u00edmites de Plotteralia","og_description":"Plotteralia te mantendr\u00e1 informado de las \u00faltimas novedades en herramientas de corte, los materiales m\u00e1s novedosos y las t\u00e9cnicas con mayor creatividad del DIY y el handmade.","og_url":"https:\/\/plotteralia.es\/blog\/","og_site_name":"Plotteralia Blog","article_publisher":"https:\/\/www.facebook.com\/plotteralia\/","article_modified_time":"2021-04-16T05:37:36+00:00","twitter_card":"summary_large_image","schema":{"@context":"https:\/\/schema.org","@graph":[{"@type":"Organization","@id":"https:\/\/plotteralia.es\/blog\/#organization","name":"Plotteralia","url":"https:\/\/plotteralia.es\/blog\/","sameAs":["https:\/\/www.instagram.com\/plotteralia\/","http:\/\/www.youtube.com\/c\/PlotteraliaTiendaOnline","https:\/\/www.facebook.com\/plotteralia\/"],"logo":{"@type":"ImageObject","inLanguage":"es","@id":"https:\/\/plotteralia.es\/blog\/#\/schema\/logo\/image\/","url":"https:\/\/plotteralia.es\/blog\/wp-content\/uploads\/2020\/02\/Logo-chat.jpg","contentUrl":"https:\/\/plotteralia.es\/blog\/wp-content\/uploads\/2020\/02\/Logo-chat.jpg","width":50,"height":50,"caption":"Plotteralia"},"image":{"@id":"https:\/\/plotteralia.es\/blog\/#\/schema\/logo\/image\/"}},{"@type":"WebSite","@id":"https:\/\/plotteralia.es\/blog\/#website","url":"https:\/\/plotteralia.es\/blog\/","name":"Plotteralia Blog","description":"Especialistas en Silhouette, Xtool, Cricut y Loklik. Encuentra comparativas de plotters, gu\u00edas de materiales y las mejores t\u00e9cnicas de personalizaci\u00f3n.","publisher":{"@id":"https:\/\/plotteralia.es\/blog\/#organization"},"potentialAction":[{"@type":"SearchAction","target":{"@type":"EntryPoint","urlTemplate":"https:\/\/plotteralia.es\/blog\/?s={search_term_string}"},"query-input":"required name=search_term_string"}],"inLanguage":"es"},{"@type":"WebPage","@id":"https:\/\/plotteralia.es\/blog\/#webpage","url":"https:\/\/plotteralia.es\/blog\/","name":"Bienvenido al espacio creativo sin l\u00edmites de Plotteralia","isPartOf":{"@id":"https:\/\/plotteralia.es\/blog\/#website"},"datePublished":"2021-02-25T13:18:49+00:00","dateModified":"2021-04-16T05:37:36+00:00","description":"Plotteralia te mantendr\u00e1 informado de las \u00faltimas novedades en herramientas de corte, los materiales m\u00e1s novedosos y las t\u00e9cnicas con mayor creatividad del DIY y el handmade.","breadcrumb":{"@id":"https:\/\/plotteralia.es\/blog\/#breadcrumb"},"inLanguage":"es","potentialAction":[{"@type":"ReadAction","target":["https:\/\/plotteralia.es\/blog\/"]}]},{"@type":"BreadcrumbList","@id":"https:\/\/plotteralia.es\/blog\/#breadcrumb","itemListElement":[{"@type":"ListItem","position":1,"name":"Portada","item":"https:\/\/plotteralia.es\/blog\/"},{"@type":"ListItem","position":2,"name":"Blog potteralia"}]}]}},"_links":{"self":[{"href":"https:\/\/plotteralia.es\/blog\/wp-json\/wp\/v2\/pages\/967"}],"collection":[{"href":"https:\/\/plotteralia.es\/blog\/wp-json\/wp\/v2\/pages"}],"about":[{"href":"https:\/\/plotteralia.es\/blog\/wp-json\/wp\/v2\/types\/page"}],"author":[{"embeddable":true,"href":"https:\/\/plotteralia.es\/blog\/wp-json\/wp\/v2\/users\/2"}],"replies":[{"embeddable":true,"href":"https:\/\/plotteralia.es\/blog\/wp-json\/wp\/v2\/comments?post=967"}],"version-history":[{"count":29,"href":"https:\/\/plotteralia.es\/blog\/wp-json\/wp\/v2\/pages\/967\/revisions"}],"predecessor-version":[{"id":1023,"href":"https:\/\/plotteralia.es\/blog\/wp-json\/wp\/v2\/pages\/967\/revisions\/1023"}],"wp:attachment":[{"href":"https:\/\/plotteralia.es\/blog\/wp-json\/wp\/v2\/media?parent=967"}],"curies":[{"name":"wp","href":"https:\/\/api.w.org\/{rel}","templated":true}]}}